{"id":3,"date":"2022-09-08T11:13:05","date_gmt":"2022-09-08T11:13:05","guid":{"rendered":"https:\/\/smfast.se\/?page_id=3"},"modified":"2022-09-08T17:32:11","modified_gmt":"2022-09-08T17:32:11","slug":"privacy-policy","status":"publish","type":"page","link":"https:\/\/smfast.se\/en\/privacy-policy\/","title":{"rendered":"Privacy Policy"},"content":{"rendered":"<p>The following applies as privacy policy for the website SMfast.se.<\/p>\n\n\n\n<h2 class=\"wp-block-heading\">Cookies<\/h2>\n\n\n\n<p>We use cookies to improve the functionality here on the website and to keep statistics.&nbsp;<\/p>\n\n\n\n<p>Some cookies are always activated because they are needed for the website to function as intended. It is purely about technology and no personal data can be saved.<\/p>\n\n\n\n<p>All the cookies that the site uses are listed on this page. Before you make an active choice via CookieBot, only necessary cookies are used.<\/p>\n\n\n\n<p>To see all the cookies that the site sets <a href=\"https:\/\/smfast.se\/en\/cookies\/\">click here<\/a>.<\/p>\n\n\n\n<h2 class=\"wp-block-heading\">Statistics<\/h2>\n\n\n\n<p>For statistics about the use of the website, we use Google Analytics. This service collects traffic data and aggregates it to provide a picture of how the website is used. No personal data is collected through Google Analytics.<\/p>\n\n\n\n<h2 class=\"wp-block-heading\">Maps<\/h2>\n\n\n\n<p>To be able to show maps of our objects, we use Google Maps. Google Maps collects information about users' location. This does not mean that personal data is sent.<\/p>\n\n\n\n<h2 class=\"wp-block-heading\">More about services from Google<\/h2>\n\n\n\n<p>Services provided by Google are covered in Google's privacy policy (link <a rel=\"noreferrer noopener\" href=\"https:\/\/policies.google.com\/\" data-type=\"URL\" data-id=\"https:\/\/policies.google.com\/\" target=\"_blank\">here<\/a>).<\/p>\n\n\n\n<p>If you are a user of services from Google, you can make settings at any time regarding how Google can use your data.<\/p>\n\n\n\n<h2 class=\"wp-block-heading\">Collection of personal data<\/h2>\n\n\n\n<p>If you only use the site to collect information, we do not collect any personal data. If you choose to send an expression of interest or otherwise notify us of information, we will process your personal data. The legal bases are \"legitimate interest\" and\/or \"performance of contract\". We save your personal data to be able to answer your questions. The personal data is saved as long as it is necessary to fulfill agreements, send information, and so on.<\/p>","protected":false},"excerpt":{"rendered":"<p>F\u00f6ljande g\u00e4ller som integritetspolicy f\u00f6r webbplatsen SMfast.se. Cookies Vi anv\u00e4nder cookies f\u00f6r att f\u00f6rb\u00e4ttra funktionaliteten h\u00e4r p\u00e5 hemsidan samt f\u00f6r att f\u00f6ra statistik.&nbsp; Vissa cookies \u00e4r alltid aktiverade eftersom de beh\u00f6vs f\u00f6r att webbplatsen ska fungera som det \u00e4r t\u00e4nkt. Det handlar enbart om teknik och ingen personlig data kan sparas. Alla de cookies som&hellip;&nbsp;<a href=\"https:\/\/smfast.se\/en\/privacy-policy\/\" rel=\"bookmark\">Read More &raquo;<span class=\"screen-reader-text\">Privacy Policy<\/span><\/a><\/p>","protected":false},"author":1,"featured_media":0,"parent":0,"menu_order":0,"comment_status":"closed","ping_status":"open","template":"","meta":{"neve_meta_sidebar":"","neve_meta_container":"","neve_meta_enable_content_width":"","neve_meta_content_width":0,"neve_meta_title_alignment":"","neve_meta_author_avatar":"","neve_post_elements_order":"","neve_meta_disable_header":"","neve_meta_disable_footer":"","neve_meta_disable_title":"","_themeisle_gutenberg_block_has_review":false,"footnotes":""},"class_list":["post-3","page","type-page","status-publish","hentry"],"_links":{"self":[{"href":"https:\/\/smfast.se\/en\/wp-json\/wp\/v2\/pages\/3","targetHints":{"allow":["GET"]}}],"collection":[{"href":"https:\/\/smfast.se\/en\/wp-json\/wp\/v2\/pages"}],"about":[{"href":"https:\/\/smfast.se\/en\/wp-json\/wp\/v2\/types\/page"}],"author":[{"embeddable":true,"href":"https:\/\/smfast.se\/en\/wp-json\/wp\/v2\/users\/1"}],"replies":[{"embeddable":true,"href":"https:\/\/smfast.se\/en\/wp-json\/wp\/v2\/comments?post=3"}],"version-history":[{"count":2,"href":"https:\/\/smfast.se\/en\/wp-json\/wp\/v2\/pages\/3\/revisions"}],"predecessor-version":[{"id":480,"href":"https:\/\/smfast.se\/en\/wp-json\/wp\/v2\/pages\/3\/revisions\/480"}],"wp:attachment":[{"href":"https:\/\/smfast.se\/en\/wp-json\/wp\/v2\/media?parent=3"}],"curies":[{"name":"wp","href":"https:\/\/api.w.org\/{rel}","templated":true}]}}