{"id":398,"date":"2021-10-15T08:57:51","date_gmt":"2021-10-15T08:57:51","guid":{"rendered":"https:\/\/demosites.io\/neve-3\/?page_id=398"},"modified":"2025-04-25T07:11:17","modified_gmt":"2025-04-25T07:11:17","slug":"kontakt","status":"publish","type":"page","link":"https:\/\/smfast.se\/en\/kontakt\/","title":{"rendered":"About SM Fastigheter with subsidiaries"},"content":{"rendered":"<p>SM Fastigheter is a family business founded by the brothers Stefan and Magnus Wiese. Our ambition is to become an important social actor in the municipalities where we operate and to manage and upgrade the existing properties. By finding new exciting objects for acquisitions or new construction, we also want to expand to new exciting locations around Sweden. <\/p>\n\n\n\n<p><\/p>\n\n\n\n<h2 class=\"wp-block-heading\">Our apartments from north to south<\/h2>\n\n\n\n<p class=\"has-medium-font-size\"><strong>Sollefte\u00e5<\/strong><\/p>\n\n\n\n<p>On the property Lill\u00e4nget 2 in Sollefte\u00e5 we are during 2023 building an apartment building with 56 apartments on seven floors. For more information or questions regarding the project, contact us at uthyrning@smfast.se. <\/p>\n\n\n\n<p class=\"has-medium-font-size\"><strong>Kramfors<\/strong><\/p>\n\n\n\n<p>In 2019 we built 20 apartments and a restaurant in the Tr\u00e4dg\u00e5rdsm\u00e4staren 7 block on Limstagatan 8 in Kramfors. Here we offer an attractive central location with lift where you live right by the square and Babelsberg and close to the station.  <\/p>\n\n\n\n<p>Further on Limstagatan in the residential area we also have a building housing 2 apartments.<\/p>\n\n\n\n<p class=\"has-medium-font-size\"><strong>Torsby<\/strong><\/p>\n\n\n\n<p>On Bryggarev\u00e4gen 1-11 there are 6 apartments in semi-detached houses built in the 1990s. All of the apartments are three room apartments of 83m2.<\/p>\n\n\n\n<p class=\"has-medium-font-size\"><strong>Oleby<\/strong><\/p>\n\n\n\n<p>On Jungmansv\u00e4gen 5-14 in quiet Oleby outside Torsby there are 8 apartments in 4 semi-detached houses built in the 1990s. <\/p>\n\n\n\n<p class=\"has-medium-font-size\"><strong>Lysvik<\/strong><\/p>\n\n\n\n<p>In \u201dRosa Huset\u201d at Gamla V\u00e4gen 44 Lysvik, midway between Sunne and Torsby, there are 5 apartments in the center of the village, close to both a grocery store and a bathing area. <\/p>\n\n\n\n<p class=\"has-medium-font-size\"><strong>Sunne<\/strong><\/p>\n\n\n\n<p>In fairytale Sunne we offer apartments at several attractive addresses.<\/p>\n\n\n\n<p><strong>Brog\u00e5rdsgatan 1-3:<\/strong><\/p>\n\n\n\n<p>These 18 apartments were built during the 1990s on the very quiet Brog\u00e5rdsgatan. <\/p>\n\n\n\n<p><strong>L\u00e5nggatan 16:<\/strong><\/p>\n\n\n\n<p>\u201dThe castle\u201d, \u201dThe tourist home\u201d \u2013 a dear child has many names. It is a beautiful building with pinnacles and towers in the middle of Sunne housing 12 apartments of varying sizes in a historic building that was preserved through a total renovation in the late 1990s. <\/p>\n\n\n\n<p><strong>Kvarngatan 24 \/ Bryggaregatan 1A-B<\/strong><\/p>\n\n\n\n<p>11 apartments in two connected buildings in central Sunne. Perhaps one of the most well-visited buildings in Sunne with both Shangri-La and Folktandv\u00e5rden. <\/p>\n\n\n\n<p><strong>Kvarngatan 7<\/strong>:<\/p>\n\n\n\n<p>One of the most central buildings in Sunne. 21 apartments of varying sizes in a building from 2005. Here you will also find a pizzeria, a grocery store and our local office. <\/p>\n\n\n\n<p><strong>\u00c4lvgatan 21:<\/strong><\/p>\n\n\n\n<p>In 2003 these 10 apartments were built on a fantastic green spot surrounded by the Ler\u00e4lven in central Sunne. This tranquil oasis must be experienced on site. <\/p>\n\n\n\n<p><strong>Parkgatan 2<\/strong>:<\/p>\n\n\n\n<p>This newly built multi-family building is our latest addition to our property portfolio. It has 32 modern apartments on 4 floors in the center of Sunne, a stone\u2019s throw from the station. The apartments were ready to move into in autumn 2022. <\/p>\n\n\n\n<p><strong>Kvarngatan 5 <\/strong><\/p>\n\n\n\n<p>The \u201dWicklander house\u201d in Sunne with its facade worth preserving. Currently the building is only used to a limited extent but it is part of an overall approach to expand the block on Kvarngatan. <\/p>\n\n\n\n<p><strong>Badhusgatan 8<\/strong><\/p>\n\n\n\n<p>An undeveloped part of the block on Kvarngatan, eventually the next stage in the development plan for the block. <\/p>\n\n\n\n<p class=\"has-medium-font-size\"><strong>Munkfors<\/strong><\/p>\n\n\n\n<p>On Kyrkogatan 8 in Munkfors there are 24 apartments built in 2018. In a quiet yet central location in Munkfors, you are close to shops and live next door to the municipality hall. <\/p>\n\n\n\n<p>On Faktorsv\u00e4gen and in the Lien block there are two large villas that we rent out as rental properties. <\/p>\n\n\n\n<p class=\"has-medium-font-size\"><strong>Skattk\u00e4rr<\/strong><\/p>\n\n\n\n<p>Just outside Karlstad on R\u00e4lsv\u00e4gen 2-8, Bang\u00e5rdsv\u00e4gen 6A-B and \u00c4ngskogsv\u00e4gen 15A-B in Skattk\u00e4rr there are 4 semi-detached houses with 8 apartments built in the 1990s. <\/p>\n\n\n\n<p class=\"has-medium-font-size\"><strong>Grums and Slottsbron<\/strong><\/p>\n\n\n\n<p><strong>S\u00e5gverksgatan 2-12 Grums<\/strong><\/p>\n\n\n\n<p>Cultural heritage marked \u201dworkers dwellings\u201d with large green areas in Grums. All the 40 apartments are two room apartments of 55m2. <\/p>\n\n\n\n<p><strong>Bergkansgatan 6-8 Grums<\/strong><\/p>\n\n\n\n<p>\u201dFunkis\u201d house with 24 apartments in Grums. <\/p>\n\n\n\n<p><strong>Strandgatan 45-49 Slottsbron<\/strong><\/p>\n\n\n\n<p>In the quiet area Slottsbron, these 20 apartments spread over 4 buildings were built in the 1990s. <\/p>\n\n\n\n<div style=\"height:50px\" aria-hidden=\"true\" class=\"wp-block-spacer\"><\/div>\n\n\n\n<h2 class=\"wp-block-heading has-text-align-left has-neve-text-color-color has-text-color\">Contact SM Fastigheter AB<\/h2>\n\n\n\n<h3 class=\"wp-block-heading has-neve-text-color-color has-text-color\">Renting<\/h3>\n\n\n\n<p class=\"has-neve-text-color-color has-text-color\">uthyrning@smfast.se<\/p>\n\n\n\n<h3 class=\"wp-block-heading has-neve-text-color-color has-text-color\">Fault reporting<\/h3>\n\n\n\n<p class=\"has-neve-text-color-color has-text-color\">felanmalan@smfast.se<\/p>\n\n\n\n<p>070-6571785<\/p>","protected":false},"excerpt":{"rendered":"<p>SM Fastigheter \u00e4r ett familjef\u00f6retag som startades av br\u00f6derna Stefan och Magnus Wiese. V\u00e5r ambition \u00e4r att bli en viktig samh\u00e4llsakt\u00f6r i de kommuner d\u00e4r vi verkar och att f\u00f6rvalta och rusta upp befintligt best\u00e5nd. Genom att hitta nya sp\u00e4nnande objekt f\u00f6r f\u00f6rv\u00e4rv eller nybyggnation vill vi \u00e4ven expandera till nya sp\u00e4nnande orter runt om&hellip;&nbsp;<a href=\"https:\/\/smfast.se\/en\/kontakt\/\" rel=\"bookmark\">Read More &raquo;<span class=\"screen-reader-text\">About SM Fastigheter with subsidiaries<\/span><\/a><\/p>","protected":false},"author":1,"featured_media":0,"parent":0,"menu_order":0,"comment_status":"closed","ping_status":"closed","template":"","meta":{"neve_meta_sidebar":"","neve_meta_container":"contained","neve_meta_enable_content_width":"on","neve_meta_content_width":100,"neve_meta_title_alignment":"","neve_meta_author_avatar":"","neve_post_elements_order":"","neve_meta_disable_header":"","neve_meta_disable_footer":"","neve_meta_disable_title":"off","_themeisle_gutenberg_block_has_review":false,"footnotes":""},"class_list":["post-398","page","type-page","status-publish","hentry"],"_links":{"self":[{"href":"https:\/\/smfast.se\/en\/wp-json\/wp\/v2\/pages\/398","targetHints":{"allow":["GET"]}}],"collection":[{"href":"https:\/\/smfast.se\/en\/wp-json\/wp\/v2\/pages"}],"about":[{"href":"https:\/\/smfast.se\/en\/wp-json\/wp\/v2\/types\/page"}],"author":[{"embeddable":true,"href":"https:\/\/smfast.se\/en\/wp-json\/wp\/v2\/users\/1"}],"replies":[{"embeddable":true,"href":"https:\/\/smfast.se\/en\/wp-json\/wp\/v2\/comments?post=398"}],"version-history":[{"count":21,"href":"https:\/\/smfast.se\/en\/wp-json\/wp\/v2\/pages\/398\/revisions"}],"predecessor-version":[{"id":664,"href":"https:\/\/smfast.se\/en\/wp-json\/wp\/v2\/pages\/398\/revisions\/664"}],"wp:attachment":[{"href":"https:\/\/smfast.se\/en\/wp-json\/wp\/v2\/media?parent=398"}],"curies":[{"name":"wp","href":"https:\/\/api.w.org\/{rel}","templated":true}]}}