{"id":46,"date":"2021-02-16T11:44:42","date_gmt":"2021-02-16T11:44:42","guid":{"rendered":"https:\/\/demosites.io\/neve-3\/?page_id=46"},"modified":"2022-09-11T19:05:32","modified_gmt":"2022-09-11T19:05:32","slug":"start","status":"publish","type":"page","link":"https:\/\/smfast.se\/en\/","title":{"rendered":"Start"},"content":{"rendered":"<div class=\"wp-block-cover alignfull is-light\" style=\"min-height:450px;aspect-ratio:unset;\"><span aria-hidden=\"true\" class=\"wp-block-cover__background has-background-dim-40 has-background-dim wp-block-cover__gradient-background has-background-gradient has-very-light-gray-to-cyan-bluish-gray-gradient-background\"><\/span><img loading=\"lazy\" decoding=\"async\" width=\"1200\" height=\"522\" class=\"wp-block-cover__image-background wp-image-436\" alt=\"\" src=\"https:\/\/smfast.se\/wp-content\/uploads\/2022\/09\/Startsida-header.jpg\" data-object-fit=\"cover\" srcset=\"https:\/\/smfast.se\/wp-content\/uploads\/2022\/09\/Startsida-header.jpg 1200w, https:\/\/smfast.se\/wp-content\/uploads\/2022\/09\/Startsida-header-300x131.jpg 300w, https:\/\/smfast.se\/wp-content\/uploads\/2022\/09\/Startsida-header-1024x445.jpg 1024w, https:\/\/smfast.se\/wp-content\/uploads\/2022\/09\/Startsida-header-768x334.jpg 768w\" sizes=\"auto, (max-width: 1200px) 100vw, 1200px\" \/><div class=\"wp-block-cover__inner-container is-layout-flow wp-block-cover-is-layout-flow\">\n<div style=\"height:40px\" aria-hidden=\"true\" class=\"wp-block-spacer\"><\/div>\n\n\n\n<div class=\"wp-block-columns are-vertically-aligned-center is-layout-flex wp-container-core-columns-is-layout-9d6595d7 wp-block-columns-is-layout-flex\">\n<div class=\"wp-block-column is-vertically-aligned-center is-layout-flow wp-block-column-is-layout-flow\" style=\"flex-basis:100%\">\n<h1 class=\"has-text-align-left wp-block-heading\" style=\"font-size:56px\">SM Fastigheter<\/h1>\n\n\n\n<p class=\"has-text-align-left\" style=\"font-size:1.6em\">Welcome to your new home!<\/p>\n\n\n\n<div class=\"wp-block-buttons is-layout-flex wp-block-buttons-is-layout-flex\">\n<div class=\"wp-block-button is-style-primary\"><a class=\"wp-block-button__link\" href=\"https:\/\/smfast.se\/en\/sok-bostad\/\">Find all apartments here<\/a><\/div>\n<\/div>\n<\/div>\n\n\n\n<div class=\"wp-block-column is-vertically-aligned-center is-layout-flow wp-block-column-is-layout-flow\" style=\"flex-basis:30%\">\n<p><\/p>\n<\/div>\n<\/div>\n\n\n\n<div style=\"height:40px\" aria-hidden=\"true\" class=\"wp-block-spacer\"><\/div>\n<\/div><\/div>\n\n\n\n<div style=\"height:40px\" aria-hidden=\"true\" class=\"wp-block-spacer\"><\/div>\n\n\n\n<div class=\"wp-block-columns is-layout-flex wp-container-core-columns-is-layout-9d6595d7 wp-block-columns-is-layout-flex\">\n<div class=\"wp-block-column is-vertically-aligned-center is-layout-flow wp-block-column-is-layout-flow\">\n<h2 class=\"wp-block-heading\">SM Fastigheter AB<\/h2>\n\n\n\n<p>SM Fastigheter is a family business founded by the brothers Stefan and Magnus Wiese. Our ambition is to become an important social actor in the municipalities where we operate and to manage and upgrade the existing properties. By finding new exciting objects for acquisitions or new construction, we also want to expand to new exciting locations around Sweden. <\/p>\n\n\n\n<p>As early as next spring, we will start our first joint new construction project. Read more about this and all our existing properties <a href=\"https:\/\/smfast.se\/en\/kontakt\/\" data-type=\"page\" data-id=\"398\">here<\/a>.<\/p>\n\n\n\n<p><\/p>\n<\/div>\n\n\n\n<div class=\"wp-block-column is-vertically-aligned-center is-layout-flow wp-block-column-is-layout-flow\">\n<figure class=\"wp-block-image size-full ticss-d0a022b8 is-style-default\"><img loading=\"lazy\" decoding=\"async\" width=\"640\" height=\"426\" src=\"https:\/\/smfast.se\/wp-content\/uploads\/2022\/09\/hus-framsida.jpg\" alt=\"\" class=\"wp-image-495\" srcset=\"https:\/\/smfast.se\/wp-content\/uploads\/2022\/09\/hus-framsida.jpg 640w, https:\/\/smfast.se\/wp-content\/uploads\/2022\/09\/hus-framsida-300x200.jpg 300w\" sizes=\"auto, (max-width: 640px) 100vw, 640px\" \/><\/figure>\n<\/div>\n<\/div>\n\n\n\n<div style=\"height:40px\" aria-hidden=\"true\" class=\"wp-block-spacer\"><\/div>","protected":false},"excerpt":{"rendered":"<p>SM Fastigheter AB SM Fastigheter \u00e4r ett familjef\u00f6retag som startades av br\u00f6derna Stefan och Magnus Wiese. V\u00e5r ambition \u00e4r att bli en viktig samh\u00e4llsakt\u00f6r i de kommuner d\u00e4r vi verkar och att f\u00f6rvalta och rusta upp befintligt best\u00e5nd. Genom att hitta nya sp\u00e4nnande objekt f\u00f6r f\u00f6rv\u00e4rv eller nybyggnation vill vi \u00e4ven expandera till nya sp\u00e4nnande&hellip;&nbsp;<a href=\"https:\/\/smfast.se\/en\/\" rel=\"bookmark\">Read More &raquo;<span class=\"screen-reader-text\">Start<\/span><\/a><\/p>","protected":false},"author":1,"featured_media":0,"parent":0,"menu_order":0,"comment_status":"closed","ping_status":"closed","template":"","meta":{"neve_meta_sidebar":"full-width","neve_meta_container":"contained","neve_meta_enable_content_width":"on","neve_meta_content_width":100,"neve_meta_title_alignment":"","neve_meta_author_avatar":"","neve_post_elements_order":"","neve_meta_disable_header":"","neve_meta_disable_footer":"","neve_meta_disable_title":"on","_themeisle_gutenberg_block_has_review":false,"footnotes":""},"class_list":["post-46","page","type-page","status-publish","hentry"],"_links":{"self":[{"href":"https:\/\/smfast.se\/en\/wp-json\/wp\/v2\/pages\/46","targetHints":{"allow":["GET"]}}],"collection":[{"href":"https:\/\/smfast.se\/en\/wp-json\/wp\/v2\/pages"}],"about":[{"href":"https:\/\/smfast.se\/en\/wp-json\/wp\/v2\/types\/page"}],"author":[{"embeddable":true,"href":"https:\/\/smfast.se\/en\/wp-json\/wp\/v2\/users\/1"}],"replies":[{"embeddable":true,"href":"https:\/\/smfast.se\/en\/wp-json\/wp\/v2\/comments?post=46"}],"version-history":[{"count":10,"href":"https:\/\/smfast.se\/en\/wp-json\/wp\/v2\/pages\/46\/revisions"}],"predecessor-version":[{"id":641,"href":"https:\/\/smfast.se\/en\/wp-json\/wp\/v2\/pages\/46\/revisions\/641"}],"wp:attachment":[{"href":"https:\/\/smfast.se\/en\/wp-json\/wp\/v2\/media?parent=46"}],"curies":[{"name":"wp","href":"https:\/\/api.w.org\/{rel}","templated":true}]}}