{"id":602,"date":"2022-10-19T11:50:04","date_gmt":"2022-10-19T11:50:04","guid":{"rendered":"https:\/\/smfast.se\/?page_id=602"},"modified":"2022-10-19T11:50:05","modified_gmt":"2022-10-19T11:50:05","slug":"uthyrningspolicy","status":"publish","type":"page","link":"https:\/\/smfast.se\/en\/uthyrningspolicy\/","title":{"rendered":"Rental policy"},"content":{"rendered":"<p>Our ambition is to create safe and pleasant areas by offering a wide variety of housing that meets a diversity of needs and wishes and which therefore attracts a natural mix of different people. Everyone who meets our basic requirements has the same right to apply for and get an apartment.<\/p>\n\n\n\n<h2 class=\"wp-block-heading\">Basic requirements<\/h2>\n\n\n\n<ul class=\"wp-block-list\"><li>You must be at least 18 years old to be eligible for housing.<\/li><li>You must have the financial ability to cover the rent for the apartment you apply for and must therefore meet SM Fastigheter's income requirements.<\/li><li>You must not have payment notes (betalningsanm\u00e4rkningar) or debts that exceed SM Fastigheter's maximum limit.<\/li><li>We strongly advice you to have home insurance.<\/li><\/ul>\n\n\n\n<h2 class=\"wp-block-heading\">Clarifications on the basic requirements<\/h2>\n\n\n\n<p>You must have the financial means to cover the rent for the apartment applied for. Your income can come from for example:<\/p>\n\n\n\n<ul class=\"wp-block-list\"><li>Salary from employment<\/li><li>Pension<\/li><li>Income from capital<\/li><li>Compensation from insurance policies<\/li><li>Allowances (e.g. housing allowance, student allowance\/grants, maintenance allowance, sickness benefits, child allowance)<\/li><\/ul>\n\n\n\n<p><strong>We do not question your income. If you say you can afford the apartment, then that\u2019s it.<\/strong><\/p>\n\n\n\n<h2 class=\"wp-block-heading\">You must not have payment notes or debts that exceed SM Fastigheter's maximum limit<\/h2>\n\n\n\n<ul class=\"wp-block-list\"><li>SM Fastigheter can approve a maximum of 2 payment notices (betalningsanm\u00e4rkning) during the last twelve-month period and the debts must be paid.<\/li><li>You must not have a debt balance with Kronofogden.<\/li><\/ul>\n\n\n\n<h2 class=\"wp-block-heading\">Main rule for renting an apartment<\/h2>\n\n\n\n<p>SM Fastigheter's main rule is that apartments are distributed according to the applicant's time in the queue, that is since the first notification of interest, if more than one person is interested in the same apartment.<\/p>\n\n\n\n<h2 class=\"wp-block-heading\">Exception to the main rule<\/h2>\n\n\n\n<p><strong>New construction<\/strong><br>In case of new production, the apartments are rented out in accordance with the board's decision for the unique project. This may mean that the apartments, to varying extents, are rented out via queuing, lottery, first-come first-served, prioritizing tenants already living in the area, etc.<\/p>\n\n\n\n<p><strong>By submitting a notification of interest, you are automatically registered on our waiting list. If an apartment is available, we send out an email to everyone on the list for that size.\n<br>\n<p>In case of ambiguity, the Swedish version of the rental policy applies.<\/p>\u00a0<\/strong><\/p>","protected":false},"excerpt":{"rendered":"<p>V\u00e5r ambition \u00e4r att skapa trygga och trivsamma omr\u00e5den genom att erbjuda en bred variation av boenden som m\u00f6ter en m\u00e5ngfald av behov och \u00f6nskem\u00e5l och som d\u00e4rf\u00f6r lockar en naturlig blandning av olika m\u00e4nniskor. Alla som uppfyller v\u00e5ra grundkrav har samma r\u00e4tt att s\u00f6ka och f\u00e5 bostad. Grundkrav Du ska ha fyllt 18 \u00e5r&hellip;&nbsp;<a href=\"https:\/\/smfast.se\/en\/uthyrningspolicy\/\" rel=\"bookmark\">Read More &raquo;<span class=\"screen-reader-text\">Rental policy<\/span><\/a><\/p>","protected":false},"author":1,"featured_media":0,"parent":0,"menu_order":0,"comment_status":"closed","ping_status":"closed","template":"","meta":{"neve_meta_sidebar":"","neve_meta_container":"","neve_meta_enable_content_width":"","neve_meta_content_width":0,"neve_meta_title_alignment":"","neve_meta_author_avatar":"","neve_post_elements_order":"","neve_meta_disable_header":"","neve_meta_disable_footer":"","neve_meta_disable_title":"","_themeisle_gutenberg_block_has_review":false,"footnotes":""},"class_list":["post-602","page","type-page","status-publish","hentry"],"_links":{"self":[{"href":"https:\/\/smfast.se\/en\/wp-json\/wp\/v2\/pages\/602","targetHints":{"allow":["GET"]}}],"collection":[{"href":"https:\/\/smfast.se\/en\/wp-json\/wp\/v2\/pages"}],"about":[{"href":"https:\/\/smfast.se\/en\/wp-json\/wp\/v2\/types\/page"}],"author":[{"embeddable":true,"href":"https:\/\/smfast.se\/en\/wp-json\/wp\/v2\/users\/1"}],"replies":[{"embeddable":true,"href":"https:\/\/smfast.se\/en\/wp-json\/wp\/v2\/comments?post=602"}],"version-history":[{"count":1,"href":"https:\/\/smfast.se\/en\/wp-json\/wp\/v2\/pages\/602\/revisions"}],"predecessor-version":[{"id":603,"href":"https:\/\/smfast.se\/en\/wp-json\/wp\/v2\/pages\/602\/revisions\/603"}],"wp:attachment":[{"href":"https:\/\/smfast.se\/en\/wp-json\/wp\/v2\/media?parent=602"}],"curies":[{"name":"wp","href":"https:\/\/api.w.org\/{rel}","templated":true}]}}