{"id":3,"date":"2022-09-08T11:13:05","date_gmt":"2022-09-08T11:13:05","guid":{"rendered":"https:\/\/smfast.se\/?page_id=3"},"modified":"2022-09-08T17:32:11","modified_gmt":"2022-09-08T17:32:11","slug":"privacy-policy","status":"publish","type":"page","link":"https:\/\/smfast.se\/sv_se\/privacy-policy\/","title":{"rendered":"Privacy Policy"},"content":{"rendered":"\n<p>F\u00f6ljande g\u00e4ller som integritetspolicy f\u00f6r webbplatsen SMfast.se.<\/p>\n\n\n\n<h2 class=\"wp-block-heading\">Cookies<\/h2>\n\n\n\n<p>Vi anv\u00e4nder cookies f\u00f6r att f\u00f6rb\u00e4ttra funktionaliteten h\u00e4r p\u00e5 hemsidan samt f\u00f6r att f\u00f6ra statistik.&nbsp;<\/p>\n\n\n\n<p>Vissa cookies \u00e4r alltid aktiverade eftersom de beh\u00f6vs f\u00f6r att webbplatsen ska fungera som det \u00e4r t\u00e4nkt. Det handlar enbart om teknik och ingen personlig data kan sparas.<\/p>\n\n\n\n<p>Alla de cookies som sajten anv\u00e4nder listas p\u00e5 den h\u00e4r sidan. Innan du g\u00f6r ett aktivt val via CookieBot \u00e4r det endast n\u00f6dv\u00e4ndiga cookies som \u00e4r aktuella.<\/p>\n\n\n\n<p>F\u00f6r att se alla cookies som sajten s\u00e4tter <a href=\"https:\/\/smfast.se\/cookies\/\">klickar du h\u00e4r<\/a>.<\/p>\n\n\n\n<h2 class=\"wp-block-heading\">Statistik<\/h2>\n\n\n\n<p>F\u00f6r statistik kring anv\u00e4ndningen av webbplatsen anv\u00e4nder vi oss av Google Analytics. Den h\u00e4r tj\u00e4nsten samlar in trafikdata och sammanst\u00e4ller den f\u00f6r att ge en bild av hur webbplatsen anv\u00e4nds. Ingen personlig data inh\u00e4mtas genom Google Analytics.<\/p>\n\n\n\n<h2 class=\"wp-block-heading\">Kartor<\/h2>\n\n\n\n<p>F\u00f6r att kunna visa kartor p\u00e5 v\u00e5ra objekt anv\u00e4nder vi oss av Google Maps. Google Maps inh\u00e4mtar information om anv\u00e4ndarnas plats. Detta inneb\u00e4r inte att personlig data skickas.<\/p>\n\n\n\n<h2 class=\"wp-block-heading\">Mer om tj\u00e4nster fr\u00e5n Google<\/h2>\n\n\n\n<p>Tj\u00e4nster som levereras av Google behandlas i Googles integritetspolicy (l\u00e4nk <a rel=\"noreferrer noopener\" href=\"https:\/\/policies.google.com\/\" data-type=\"URL\" data-id=\"https:\/\/policies.google.com\/\" target=\"_blank\">h\u00e4r<\/a>).<\/p>\n\n\n\n<p>Om du \u00e4r anv\u00e4ndare av tj\u00e4nster fr\u00e5n Google kan du n\u00e4r som helst g\u00f6ra inst\u00e4llningar kring hur Google kan anv\u00e4nda din data.<\/p>\n\n\n\n<h2 class=\"wp-block-heading\">Inh\u00e4mtning av personuppgifter<\/h2>\n\n\n\n<p>Om du bara anv\u00e4nder sajten f\u00f6r att inh\u00e4mta information inh\u00e4mtar vi inga personuppgifter. Om du v\u00e4ljer att skicka en intresseanm\u00e4lan eller p\u00e5 annat s\u00e4tt meddelar oss uppgifter kommer vi att behandla dina personuppgifter. De r\u00e4ttsliga grunderna \u00e4r \u201dber\u00e4ttigat intresse\u201d och\/eller \u201dfullg\u00f6rande av avtal\u201d. Vi sparar dina personuppgifter f\u00f6r att kunna svara p\u00e5 dina fr\u00e5gor. Personuppgifterna sparas s\u00e5 l\u00e4nge som det kr\u00e4vs f\u00f6r att uppfylla avtal, skicka information, och s\u00e5 vidare.<\/p>\n","protected":false},"excerpt":{"rendered":"<p>F\u00f6ljande g\u00e4ller som integritetspolicy f\u00f6r webbplatsen SMfast.se. Cookies Vi anv\u00e4nder cookies f\u00f6r att f\u00f6rb\u00e4ttra funktionaliteten h\u00e4r p\u00e5 hemsidan samt f\u00f6r att f\u00f6ra statistik.&nbsp; Vissa cookies \u00e4r alltid aktiverade eftersom de beh\u00f6vs f\u00f6r att webbplatsen ska fungera som det \u00e4r t\u00e4nkt. Det handlar enbart om teknik och ingen personlig data kan sparas. Alla de cookies som&hellip;&nbsp;<a href=\"https:\/\/smfast.se\/sv_se\/privacy-policy\/\" rel=\"bookmark\">L\u00e4s mer &raquo;<span class=\"screen-reader-text\">Privacy Policy<\/span><\/a><\/p>\n","protected":false},"author":1,"featured_media":0,"parent":0,"menu_order":0,"comment_status":"closed","ping_status":"open","template":"","meta":{"neve_meta_sidebar":"","neve_meta_container":"","neve_meta_enable_content_width":"","neve_meta_content_width":0,"neve_meta_title_alignment":"","neve_meta_author_avatar":"","neve_post_elements_order":"","neve_meta_disable_header":"","neve_meta_disable_footer":"","neve_meta_disable_title":"","_themeisle_gutenberg_block_has_review":false,"footnotes":""},"class_list":["post-3","page","type-page","status-publish","hentry"],"_links":{"self":[{"href":"https:\/\/smfast.se\/sv_se\/wp-json\/wp\/v2\/pages\/3","targetHints":{"allow":["GET"]}}],"collection":[{"href":"https:\/\/smfast.se\/sv_se\/wp-json\/wp\/v2\/pages"}],"about":[{"href":"https:\/\/smfast.se\/sv_se\/wp-json\/wp\/v2\/types\/page"}],"author":[{"embeddable":true,"href":"https:\/\/smfast.se\/sv_se\/wp-json\/wp\/v2\/users\/1"}],"replies":[{"embeddable":true,"href":"https:\/\/smfast.se\/sv_se\/wp-json\/wp\/v2\/comments?post=3"}],"version-history":[{"count":2,"href":"https:\/\/smfast.se\/sv_se\/wp-json\/wp\/v2\/pages\/3\/revisions"}],"predecessor-version":[{"id":480,"href":"https:\/\/smfast.se\/sv_se\/wp-json\/wp\/v2\/pages\/3\/revisions\/480"}],"wp:attachment":[{"href":"https:\/\/smfast.se\/sv_se\/wp-json\/wp\/v2\/media?parent=3"}],"curies":[{"name":"wp","href":"https:\/\/api.w.org\/{rel}","templated":true}]}}