{"id":393,"date":"2021-10-14T13:41:21","date_gmt":"2021-10-14T13:41:21","guid":{"rendered":"https:\/\/demosites.io\/neve-3\/?page_id=393"},"modified":"2025-04-25T07:07:05","modified_gmt":"2025-04-25T07:07:05","slug":"sok-bostad","status":"publish","type":"page","link":"https:\/\/smfast.se\/sv_se\/sok-bostad\/","title":{"rendered":"S\u00f6k bostad"},"content":{"rendered":"\n<p>Anv\u00e4nd detta formul\u00e4r f\u00f6r att skicka in en intresseanm\u00e4lan f\u00f6r v\u00e5ra bost\u00e4der. P\u00e5 <a href=\"https:\/\/smfast.se\/sv_se\/kontakt\/\" data-type=\"link\" data-id=\"https:\/\/smfast.se\/sv_se\/kontakt\/\">den h\u00e4r sidan<\/a> kan du se och l\u00e4sa mer om p\u00e5 vilka orter vi erbjuder boende och vilka boenden det handlar om.<\/p>\n\n\n\n<div class=\"wpcf7 no-js\" id=\"wpcf7-f5-o1\" lang=\"sv-SE\" dir=\"ltr\" data-wpcf7-id=\"5\">\n<div class=\"screen-reader-response\"><p role=\"status\" aria-live=\"polite\" aria-atomic=\"true\"><\/p> <ul><\/ul><\/div>\n<form action=\"\/sv_se\/wp-json\/wp\/v2\/pages\/393#wpcf7-f5-o1\" method=\"post\" class=\"wpcf7-form init\" aria-label=\"Kontaktformul\u00e4r\" novalidate=\"novalidate\" data-status=\"init\">\n<fieldset class=\"hidden-fields-container\"><input type=\"hidden\" name=\"_wpcf7\" value=\"5\" \/><input type=\"hidden\" name=\"_wpcf7_version\" value=\"6.1.5\" \/><input type=\"hidden\" name=\"_wpcf7_locale\" value=\"sv_SE\" \/><input type=\"hidden\" name=\"_wpcf7_unit_tag\" value=\"wpcf7-f5-o1\" \/><input type=\"hidden\" name=\"_wpcf7_container_post\" value=\"0\" \/><input type=\"hidden\" name=\"_wpcf7_posted_data_hash\" value=\"\" \/>\n<\/fieldset>\n<p><label> Ditt namn<br \/>\n<span class=\"wpcf7-form-control-wrap\" data-name=\"your-name\"><input size=\"40\" maxlength=\"400\" class=\"wpcf7-form-control wpcf7-text wpcf7-validates-as-required\" aria-required=\"true\" aria-invalid=\"false\" value=\"\" type=\"text\" name=\"your-name\" \/><\/span> <\/label>\n<\/p>\n<p><label> Din e-post<br \/>\n<span class=\"wpcf7-form-control-wrap\" data-name=\"your-email\"><input size=\"40\" maxlength=\"400\" class=\"wpcf7-form-control wpcf7-email wpcf7-validates-as-required wpcf7-text wpcf7-validates-as-email\" aria-required=\"true\" aria-invalid=\"false\" value=\"\" type=\"email\" name=\"your-email\" \/><\/span> <\/label>\n<\/p>\n<p><label> \u00c4mne<br \/>\n<span class=\"wpcf7-form-control-wrap\" data-name=\"your-subject\"><input size=\"40\" maxlength=\"400\" class=\"wpcf7-form-control wpcf7-text wpcf7-validates-as-required\" aria-required=\"true\" aria-invalid=\"false\" value=\"\" type=\"text\" name=\"your-subject\" \/><\/span> <\/label>\n<\/p>\n<p><label> Ditt meddelande (Ange vilket boende det handlar om och eventuella andra \u00f6nskem\u00e5l)<br \/>\n<span class=\"wpcf7-form-control-wrap\" data-name=\"your-message\"><textarea cols=\"40\" rows=\"10\" maxlength=\"2000\" class=\"wpcf7-form-control wpcf7-textarea wpcf7-validates-as-required\" aria-required=\"true\" aria-invalid=\"false\" name=\"your-message\"><\/textarea><\/span> <\/label>\n<\/p>\n<p><span class=\"wpcf7-form-control-wrap\" data-name=\"acceptance-534\"><span class=\"wpcf7-form-control wpcf7-acceptance\"><span class=\"wpcf7-list-item\"><label><input type=\"checkbox\" name=\"acceptance-534\" value=\"1\" aria-invalid=\"false\" \/><span class=\"wpcf7-list-item-label\">Genom att skicka in formul\u00e4ret samtycker du till att vi behandlar dina personuppgifter i enlighet med v\u00e5r personuppgiftspolicy.<\/span><\/label><\/span><\/span><\/span>\n<\/p>\n<p><input class=\"wpcf7-form-control wpcf7-submit has-spinner\" type=\"submit\" value=\"Skicka\" \/>\n<\/p><div class=\"wpcf7-response-output\" aria-hidden=\"true\"><\/div>\n<\/form>\n<\/div>\n\n\n\n\n<div style=\"height:70px\" aria-hidden=\"true\" class=\"wp-block-spacer\"><\/div>\n","protected":false},"excerpt":{"rendered":"<p>Anv\u00e4nd detta formul\u00e4r f\u00f6r att skicka in en intresseanm\u00e4lan f\u00f6r v\u00e5ra bost\u00e4der. P\u00e5 den h\u00e4r sidan kan du se och l\u00e4sa mer om p\u00e5 vilka orter vi erbjuder boende och vilka boenden det handlar om.<\/p>\n","protected":false},"author":1,"featured_media":0,"parent":0,"menu_order":0,"comment_status":"closed","ping_status":"closed","template":"","meta":{"neve_meta_sidebar":"","neve_meta_container":"contained","neve_meta_enable_content_width":"on","neve_meta_content_width":100,"neve_meta_title_alignment":"","neve_meta_author_avatar":"","neve_post_elements_order":"","neve_meta_disable_header":"","neve_meta_disable_footer":"","neve_meta_disable_title":"off","_themeisle_gutenberg_block_has_review":false,"footnotes":""},"class_list":["post-393","page","type-page","status-publish","hentry"],"_links":{"self":[{"href":"https:\/\/smfast.se\/sv_se\/wp-json\/wp\/v2\/pages\/393","targetHints":{"allow":["GET"]}}],"collection":[{"href":"https:\/\/smfast.se\/sv_se\/wp-json\/wp\/v2\/pages"}],"about":[{"href":"https:\/\/smfast.se\/sv_se\/wp-json\/wp\/v2\/types\/page"}],"author":[{"embeddable":true,"href":"https:\/\/smfast.se\/sv_se\/wp-json\/wp\/v2\/users\/1"}],"replies":[{"embeddable":true,"href":"https:\/\/smfast.se\/sv_se\/wp-json\/wp\/v2\/comments?post=393"}],"version-history":[{"count":4,"href":"https:\/\/smfast.se\/sv_se\/wp-json\/wp\/v2\/pages\/393\/revisions"}],"predecessor-version":[{"id":663,"href":"https:\/\/smfast.se\/sv_se\/wp-json\/wp\/v2\/pages\/393\/revisions\/663"}],"wp:attachment":[{"href":"https:\/\/smfast.se\/sv_se\/wp-json\/wp\/v2\/media?parent=393"}],"curies":[{"name":"wp","href":"https:\/\/api.w.org\/{rel}","templated":true}]}}