{"id":398,"date":"2021-10-15T08:57:51","date_gmt":"2021-10-15T08:57:51","guid":{"rendered":"https:\/\/demosites.io\/neve-3\/?page_id=398"},"modified":"2025-04-25T07:11:17","modified_gmt":"2025-04-25T07:11:17","slug":"kontakt","status":"publish","type":"page","link":"https:\/\/smfast.se\/sv_se\/kontakt\/","title":{"rendered":"Om SM Fastigheter med dotterbolag"},"content":{"rendered":"\n<p>SM Fastigheter \u00e4r ett familjef\u00f6retag som startades av br\u00f6derna Stefan och Magnus Wiese. V\u00e5r ambition \u00e4r att bli en viktig samh\u00e4llsakt\u00f6r i de kommuner d\u00e4r vi verkar och att f\u00f6rvalta och rusta upp befintligt best\u00e5nd. Genom att hitta nya sp\u00e4nnande objekt f\u00f6r f\u00f6rv\u00e4rv eller nybyggnation vill vi \u00e4ven expandera till nya sp\u00e4nnande orter runt om i Sverige. <\/p>\n\n\n\n<p><\/p>\n\n\n\n<h2 class=\"wp-block-heading\">V\u00e5ra boenden fr\u00e5n norr till s\u00f6der:<\/h2>\n\n\n\n<p class=\"has-medium-font-size\"><strong>Sollefte\u00e5<\/strong><\/p>\n\n\n\n<p>P\u00e5 fastigheten Lill\u00e4nget 2 i Sollefte\u00e5 uppf\u00f6r vi under 2023 ett flerfamiljshus med 56 l\u00e4genheter i sju plan. F\u00f6r mer information eller fr\u00e5gor kring projektet, kontakta oss p\u00e5 uthyrning@smfast.se. <\/p>\n\n\n\n<p class=\"has-medium-font-size\"><strong>Kramfors<\/strong><\/p>\n\n\n\n<p>2019 byggde vi 20 l\u00e4genheter och en restaurang i kvarteret Tr\u00e4dg\u00e5rdsm\u00e4staren 7 p\u00e5 Limstagatan 8 i Kramfors. H\u00e4r erbjuder vi ett attraktivt centralt l\u00e4ge med hiss d\u00e4r du bor precis vid torget och Babelsberg och n\u00e4ra stationen.  <\/p>\n\n\n\n<p>L\u00e4ngre bort p\u00e5 Limstagatan i villaomr\u00e5det har vi \u00e4ven ett hus med 2 l\u00e4genheter.<\/p>\n\n\n\n<p class=\"has-medium-font-size\"><strong>Torsby<\/strong><\/p>\n\n\n\n<p>P\u00e5 Bryggarev\u00e4gen 1-11 finns 6 l\u00e4genheter i radhus byggda p\u00e5 90-talet d\u00e4r alla l\u00e4genheter \u00e4r p\u00e5 83m2 f\u00f6rdelat p\u00e5 3rok.<\/p>\n\n\n\n<p class=\"has-medium-font-size\"><strong>Oleby<\/strong><\/p>\n\n\n\n<p>Bel\u00e4get p\u00e5 Jungmansv\u00e4gen 5-14 i lugna Oleby utanf\u00f6r Torsby finns 8 l\u00e4genheter i 4st parhus byggda p\u00e5 90-talet. <\/p>\n\n\n\n<p class=\"has-medium-font-size\"><strong>Lysvik<\/strong><\/p>\n\n\n\n<p>I &#8221;Rosa Huset&#8221; p\u00e5 Gamla V\u00e4gen 44 Lysvik, mitt emellan Sunne och Torsby, finns 5 l\u00e4genheter centralt i byn, n\u00e4ra matbutik och badplats. <\/p>\n\n\n\n<p class=\"has-medium-font-size\"><strong>Sunne<\/strong><\/p>\n\n\n\n<p>I sagolika Sunne erbjuder vi boende p\u00e5 ett flertal attraktiva adresser;<\/p>\n\n\n\n<p><strong>Brog\u00e5rdsgatan 1-3:<\/strong><\/p>\n\n\n\n<p>Dessa 18 l\u00e4genheter uppf\u00f6rdes p\u00e5 90-talet p\u00e5 den mycket lugna Brog\u00e5rdsgatan. <\/p>\n\n\n\n<p><strong>L\u00e5nggatan 16:<\/strong><\/p>\n\n\n\n<p>\u201dSlottet\u201d, \u201dTuristhemmet\u201d &#8211; k\u00e4rt barn har m\u00e5nga namn. Ett vackert hus med tinnar och torn mitt i Sunne. 12 l\u00e4genheter med varierande storlek i en historisk byggnad som genom en totalrenovering bevarades i slutet av 90-talet. <\/p>\n\n\n\n<p><strong>Kvarngatan 24 \/ Bryggaregatan 1A-B<\/strong><\/p>\n\n\n\n<p>11 l\u00e4genheter i tv\u00e5 sammanbyggda hus i centrala Sunne. Kanske ett av de mest v\u00e4lbes\u00f6kta husen i Sunne med b\u00e5de Shangri-la och Folktandv\u00e5rden. <\/p>\n\n\n\n<p><strong>Kvarngatan 7<\/strong>:<\/p>\n\n\n\n<p>En av de mest centrala byggnaderna i Sunne. 21 l\u00e4genheter i varierande storlek i en byggnad fr\u00e5n 2005. H\u00e4r finner ni ocks\u00e5 pizzeria, matbutik och v\u00e5rt lokalkontor. <\/p>\n\n\n\n<p><strong>\u00c4lvgatan 21:<\/strong><\/p>\n\n\n\n<p>2003 byggdes dessa 10 l\u00e4genheter p\u00e5 en fantastisk gr\u00f6n udde omgiven av Ler\u00e4lven i Centrala Sunne. Denna lugna oas m\u00e5ste upplevas p\u00e5 plats. <\/p>\n\n\n\n<p><strong>Parkgatan 2<\/strong>:<\/p>\n\n\n\n<p>Detta nyuppf\u00f6rda flerfamiljshus \u00e4r v\u00e5rt senaste till\u00e4gg till fastighetsbest\u00e5ndet med 32 fr\u00e4scha l\u00e4genheter i 4 plan centralt i Sunne, ett stenkast fr\u00e5n stationen. Huset blev inflyttningsklart under h\u00f6sten 2022. <\/p>\n\n\n\n<p><strong>Kvarngatan 5 <\/strong><\/p>\n\n\n\n<p>&#8221;Wicklanderska huset&#8221; i Sunne med sin bevarandev\u00e4rda fasad. I dagsl\u00e4get anv\u00e4nds byggnaden endast i begr\u00e4nsad utstr\u00e4ckning, men den \u00e4r en del av ett helhetsgrepp att bygga ut kvarteret p\u00e5 Kvarngatan. <\/p>\n\n\n\n<p><strong>Badhusgatan 8<\/strong><\/p>\n\n\n\n<p>En obebyggd del av kvarteret p\u00e5 Kvarngatan, p\u00e5 sikt n\u00e4sta etapp i utbyggnadsplanen av kvarteret. <\/p>\n\n\n\n<p class=\"has-medium-font-size\"><strong>Munkfors<\/strong><\/p>\n\n\n\n<p>P\u00e5 Kyrkogatan 8 i Munkfors finns 24 l\u00e4genheter byggda 2018. I ett lugnt men \u00e4nd\u00e5 centralt l\u00e4ge i Munkfors har du n\u00e4rhet till butiker och bor granne med kommunhuset. <\/p>\n\n\n\n<p>P\u00e5 Faktorsv\u00e4gen och kv Lien finns 2 stora villor som vi hyr ut som hyresbost\u00e4der. <\/p>\n\n\n\n<p class=\"has-medium-font-size\"><strong>Skattk\u00e4rr<\/strong><\/p>\n\n\n\n<p>Strax utanf\u00f6r Karlstad p\u00e5 R\u00e4lsv\u00e4gen 2-8, Bang\u00e5rdsv\u00e4gen 6A-B och \u00c4ngskogsv\u00e4gen 15A-B i Skattk\u00e4rr finns 4 parhus med 8 l\u00e4genheter byggda p\u00e5 90-talet. <\/p>\n\n\n\n<p class=\"has-medium-font-size\"><strong>Grums och Slottsbron<\/strong><\/p>\n\n\n\n<p><strong>S\u00e5gverksgatan 2-12 Grums<\/strong><\/p>\n\n\n\n<p>Kulturminnesm\u00e4rkta \u201darbetarbost\u00e4der\u201d fr\u00e5n bruksortstiden med stora gr\u00f6nytor i Grums. Alla 40 l\u00e4genheter \u00e4r 2rok p\u00e5 55m2. <\/p>\n\n\n\n<p><strong>Bergkansgatan 6-8 Grums<\/strong><\/p>\n\n\n\n<p>Funkishus med 24 l\u00e4genheter i Grums. <\/p>\n\n\n\n<p><strong>Strandgatan 45-49 Slottsbron<\/strong><\/p>\n\n\n\n<p>I lugna Slottsbron byggdes p\u00e5 90-talet dessa 20 l\u00e4genheter f\u00f6rdelat p\u00e5 4 byggnader. <\/p>\n\n\n\n<div style=\"height:50px\" aria-hidden=\"true\" class=\"wp-block-spacer\"><\/div>\n\n\n\n<h2 class=\"wp-block-heading has-text-align-left has-neve-text-color-color has-text-color\">KONTAKTA SM FASTIGHETER AB<\/h2>\n\n\n\n<h3 class=\"wp-block-heading has-neve-text-color-color has-text-color\">Uthyrning<\/h3>\n\n\n\n<p class=\"has-neve-text-color-color has-text-color\">uthyrning@smfast.se<\/p>\n\n\n\n<h3 class=\"wp-block-heading has-neve-text-color-color has-text-color\">Felanm\u00e4lan<\/h3>\n\n\n\n<p class=\"has-neve-text-color-color has-text-color\">felanmalan@smfast.se<\/p>\n\n\n\n<p>070-6571785<\/p>\n","protected":false},"excerpt":{"rendered":"<p>SM Fastigheter \u00e4r ett familjef\u00f6retag som startades av br\u00f6derna Stefan och Magnus Wiese. V\u00e5r ambition \u00e4r att bli en viktig samh\u00e4llsakt\u00f6r i de kommuner d\u00e4r vi verkar och att f\u00f6rvalta och rusta upp befintligt best\u00e5nd. Genom att hitta nya sp\u00e4nnande objekt f\u00f6r f\u00f6rv\u00e4rv eller nybyggnation vill vi \u00e4ven expandera till nya sp\u00e4nnande orter runt om&hellip;&nbsp;<a href=\"https:\/\/smfast.se\/sv_se\/kontakt\/\" rel=\"bookmark\">L\u00e4s mer &raquo;<span class=\"screen-reader-text\">Om SM Fastigheter med dotterbolag<\/span><\/a><\/p>\n","protected":false},"author":1,"featured_media":0,"parent":0,"menu_order":0,"comment_status":"closed","ping_status":"closed","template":"","meta":{"neve_meta_sidebar":"","neve_meta_container":"contained","neve_meta_enable_content_width":"on","neve_meta_content_width":100,"neve_meta_title_alignment":"","neve_meta_author_avatar":"","neve_post_elements_order":"","neve_meta_disable_header":"","neve_meta_disable_footer":"","neve_meta_disable_title":"off","_themeisle_gutenberg_block_has_review":false,"footnotes":""},"class_list":["post-398","page","type-page","status-publish","hentry"],"_links":{"self":[{"href":"https:\/\/smfast.se\/sv_se\/wp-json\/wp\/v2\/pages\/398","targetHints":{"allow":["GET"]}}],"collection":[{"href":"https:\/\/smfast.se\/sv_se\/wp-json\/wp\/v2\/pages"}],"about":[{"href":"https:\/\/smfast.se\/sv_se\/wp-json\/wp\/v2\/types\/page"}],"author":[{"embeddable":true,"href":"https:\/\/smfast.se\/sv_se\/wp-json\/wp\/v2\/users\/1"}],"replies":[{"embeddable":true,"href":"https:\/\/smfast.se\/sv_se\/wp-json\/wp\/v2\/comments?post=398"}],"version-history":[{"count":21,"href":"https:\/\/smfast.se\/sv_se\/wp-json\/wp\/v2\/pages\/398\/revisions"}],"predecessor-version":[{"id":664,"href":"https:\/\/smfast.se\/sv_se\/wp-json\/wp\/v2\/pages\/398\/revisions\/664"}],"wp:attachment":[{"href":"https:\/\/smfast.se\/sv_se\/wp-json\/wp\/v2\/media?parent=398"}],"curies":[{"name":"wp","href":"https:\/\/api.w.org\/{rel}","templated":true}]}}