{"id":424,"date":"2021-10-19T11:16:02","date_gmt":"2021-10-19T11:16:02","guid":{"rendered":"https:\/\/demosites.io\/neve-3\/?page_id=423"},"modified":"2023-10-23T10:19:42","modified_gmt":"2023-10-23T10:19:42","slug":"miljoarbete","status":"publish","type":"page","link":"https:\/\/smfast.se\/sv_se\/miljoarbete\/","title":{"rendered":"Milj\u00f6arbete"},"content":{"rendered":"\n<p><strong>Tr\u00e4byggnation:<\/strong><\/p>\n\n\n\n<p>De klimatf\u00f6r\u00e4ndringar vi ser idag beror till st\u00f6rsta delen av utsl\u00e4pp av koldioxid. Anv\u00e4ndningen av tr\u00e4 kan minska dessa utsl\u00e4pp. V\u00e4rldens skogar har den unika egenskapen att de tar upp koldioxid fr\u00e5n luften och lagrar den \u2013 b\u00e5de i den v\u00e4xande skogen och i de produkter av tr\u00e4 och papper som kommer fr\u00e5n skogen. <\/p>\n\n\n\n<p>Ju mer skogarna v\u00e4xer och ju mer vi anv\u00e4nder produkter fr\u00e5n skogen \u2013 i synnerhet l\u00e5nglivade produkter som tr\u00e4 f\u00f6r bygg\u00e4ndam\u00e5l \u2013 desto b\u00e4ttre \u00e4r det f\u00f6r klimatet genom den \u00f6kande kollagringen.<\/p>\n\n\n\n<p>Under hela tiden som en tr\u00e4produkt \u00e4r i bruk lagras kol motsvarande cirka 1 ton koldioxid (CO2) per kubikmeter tr\u00e4produkt. Effekten av denna lagring bibeh\u00e5lls s\u00e5 l\u00e4nge tr\u00e4produkten anv\u00e4nds. Det \u00e4r d\u00e4rf\u00f6r extra f\u00f6rdelaktigt att anv\u00e4nda tr\u00e4 i st\u00f6rre m\u00e4ngder till s\u00e5dana l\u00e5nglivade produkter som byggnadsstommar.<\/p>\n\n\n\n<p><strong>V\u00e4rmesystem:<\/strong><\/p>\n\n\n\n<p>Vi anv\u00e4nder oss av bergv\u00e4rme eller Luft\/vatten v\u00e4rmepumpar i s\u00e5 stor utstr\u00e4ckning som m\u00f6jligt. D\u00e4rigenom har vi uppm\u00e4tta v\u00e4rden p\u00e5 35kwh\/m2\/\u00e5r i v\u00e5r nybyggnation vilket kan j\u00e4mf\u00f6ras med Boverkets krav p\u00e5 88kwh\/m2\/\u00e5r.<\/p>\n\n\n\n<p><strong>Dagvatten:<\/strong><\/p>\n\n\n\n<p>Genom att bygga Raingardens i anslutning till v\u00e5ra fastigheter, s\u00e5 kan vi effektivt f\u00f6rdr\u00f6ja och minska dagvattnet som n\u00e5r kommunens dagvattenledning.<\/p>\n\n\n\n<div style=\"height:0px\" aria-hidden=\"true\" class=\"wp-block-spacer\"><\/div>\n\n\n\n<div style=\"height:100px\" aria-hidden=\"true\" class=\"wp-block-spacer\"><\/div>\n","protected":false},"excerpt":{"rendered":"<p>Tr\u00e4byggnation: De klimatf\u00f6r\u00e4ndringar vi ser idag beror till st\u00f6rsta delen av utsl\u00e4pp av koldioxid. Anv\u00e4ndningen av tr\u00e4 kan minska dessa utsl\u00e4pp. V\u00e4rldens skogar har den unika egenskapen att de tar upp koldioxid fr\u00e5n luften och lagrar den \u2013 b\u00e5de i den v\u00e4xande skogen och i de produkter av tr\u00e4 och papper som kommer fr\u00e5n skogen.&hellip;&nbsp;<a href=\"https:\/\/smfast.se\/sv_se\/miljoarbete\/\" rel=\"bookmark\">L\u00e4s mer &raquo;<span class=\"screen-reader-text\">Milj\u00f6arbete<\/span><\/a><\/p>\n","protected":false},"author":1,"featured_media":0,"parent":0,"menu_order":0,"comment_status":"closed","ping_status":"closed","template":"","meta":{"neve_meta_sidebar":"","neve_meta_container":"default","neve_meta_enable_content_width":"","neve_meta_content_width":0,"neve_meta_title_alignment":"","neve_meta_author_avatar":"","neve_post_elements_order":"","neve_meta_disable_header":"","neve_meta_disable_footer":"","neve_meta_disable_title":"off","_themeisle_gutenberg_block_has_review":false,"footnotes":""},"class_list":["post-424","page","type-page","status-publish","hentry"],"_links":{"self":[{"href":"https:\/\/smfast.se\/sv_se\/wp-json\/wp\/v2\/pages\/424","targetHints":{"allow":["GET"]}}],"collection":[{"href":"https:\/\/smfast.se\/sv_se\/wp-json\/wp\/v2\/pages"}],"about":[{"href":"https:\/\/smfast.se\/sv_se\/wp-json\/wp\/v2\/types\/page"}],"author":[{"embeddable":true,"href":"https:\/\/smfast.se\/sv_se\/wp-json\/wp\/v2\/users\/1"}],"replies":[{"embeddable":true,"href":"https:\/\/smfast.se\/sv_se\/wp-json\/wp\/v2\/comments?post=424"}],"version-history":[{"count":7,"href":"https:\/\/smfast.se\/sv_se\/wp-json\/wp\/v2\/pages\/424\/revisions"}],"predecessor-version":[{"id":640,"href":"https:\/\/smfast.se\/sv_se\/wp-json\/wp\/v2\/pages\/424\/revisions\/640"}],"wp:attachment":[{"href":"https:\/\/smfast.se\/sv_se\/wp-json\/wp\/v2\/media?parent=424"}],"curies":[{"name":"wp","href":"https:\/\/api.w.org\/{rel}","templated":true}]}}