{"id":602,"date":"2022-10-19T11:50:04","date_gmt":"2022-10-19T11:50:04","guid":{"rendered":"https:\/\/smfast.se\/?page_id=602"},"modified":"2022-10-19T11:50:05","modified_gmt":"2022-10-19T11:50:05","slug":"uthyrningspolicy","status":"publish","type":"page","link":"https:\/\/smfast.se\/sv_se\/uthyrningspolicy\/","title":{"rendered":"Uthyrningspolicy"},"content":{"rendered":"\n<p>V\u00e5r ambition \u00e4r att skapa trygga och trivsamma omr\u00e5den genom att erbjuda en bred variation av boenden som m\u00f6ter en m\u00e5ngfald av behov och \u00f6nskem\u00e5l och som d\u00e4rf\u00f6r lockar en naturlig blandning av olika m\u00e4nniskor. Alla som uppfyller v\u00e5ra grundkrav har samma r\u00e4tt att s\u00f6ka och f\u00e5 bostad.<\/p>\n\n\n\n<h2 class=\"wp-block-heading\">Grundkrav<\/h2>\n\n\n\n<ul class=\"wp-block-list\"><li>Du ska ha fyllt 18 \u00e5r f\u00f6r att f\u00e5 en bostad.<\/li><li>Du ska ha ekonomiska f\u00f6ruts\u00e4ttningar f\u00f6r att klara hyran f\u00f6r den s\u00f6kta l\u00e4genheten och m\u00e5ste d\u00e4rf\u00f6r uppfylla SM Fastigheters inkomstkrav.<\/li><li>Du f\u00e5r inte ha betalningsanm\u00e4rkningar eller skulder som \u00f6verstiger SM Fastigheters maxgr\u00e4ns.<\/li><li>Vi ser g\u00e4rna att ni har en hemf\u00f6rs\u00e4kring.<\/li><\/ul>\n\n\n\n<h2 class=\"wp-block-heading\">F\u00f6rtydligande kring uthyrningspolicyns grundkrav<\/h2>\n\n\n\n<p>Du ska ha ekonomiska f\u00f6ruts\u00e4ttningar f\u00f6r att klara hyran f\u00f6r den s\u00f6kta l\u00e4genheten. Det kan t ex vara:<\/p>\n\n\n\n<ul class=\"wp-block-list\"><li>L\u00f6n fr\u00e5n anst\u00e4llning<\/li><li>Pension<\/li><li>Inkomst fr\u00e5n kapital<\/li><li>Ers\u00e4ttning fr\u00e5n f\u00f6rs\u00e4kringar<\/li><li>Bidrag (t ex bostadsbidrag, studiebidrag, underh\u00e5llsbidrag, sjukbidrag, barnbidrag)<\/li><\/ul>\n\n\n\n<p><strong>Vi ifr\u00e5gas\u00e4tter inte er inkomst. S\u00e4ger ni er ha r\u00e5d med l\u00e4genheten, s\u00e5 \u00e4r det s\u00e5.<\/strong><\/p>\n\n\n\n<h2 class=\"wp-block-heading\">Du f\u00e5r inte ha betalningsanm\u00e4rkningar eller skulder som \u00f6verstiger SM Fastigheters maxgr\u00e4ns<\/h2>\n\n\n\n<ul class=\"wp-block-list\"><li>SM Fastigheter godk\u00e4nner max 2 betalningsanm\u00e4rkningar under den senaste tolvm\u00e5nadersperioden och skulderna skall vara betalda.<\/li><li>Du f\u00e5r inte ha ett skuldsaldo hos Kronofogden.<\/li><\/ul>\n\n\n\n<h2 class=\"wp-block-heading\">Huvudregel f\u00f6r uthyrning av l\u00e4genhet<\/h2>\n\n\n\n<p>SM Fastigheters huvudregel \u00e4r att l\u00e4genheter f\u00f6rdelas efter s\u00f6kandes tid i k\u00f6, dvs sedan f\u00f6rsta intresseanm\u00e4lan, om fler \u00e4n en skulle vara intresserad av samma l\u00e4genhet.<\/p>\n\n\n\n<h2 class=\"wp-block-heading\">Undantag fr\u00e5n huvudregeln<\/h2>\n\n\n\n<p><strong>Nyproduktion<\/strong><br>Vid nyproduktion hyrs l\u00e4genheterna ut i enlighet med styrelsens beslut f\u00f6r det unika projektet. Det kan inneb\u00e4ra att l\u00e4genheterna, i olika omfattning, hyrs ut via k\u00f6tid, lottning, f\u00f6rst till kvarn, prioritering till redan boende hyresg\u00e4ster i omr\u00e5det etc.<\/p>\n\n\n\n<p><strong>Genom att skicka in en intresseanm\u00e4lan s\u00e5 registreras du automatiskt i v\u00e5r k\u00f6lista. Vid ledig l\u00e4genhet s\u00e5 skickar vi ut ett mail till samtliga i listan f\u00f6r den storleken.\u00a0<\/strong><\/p>\n","protected":false},"excerpt":{"rendered":"<p>V\u00e5r ambition \u00e4r att skapa trygga och trivsamma omr\u00e5den genom att erbjuda en bred variation av boenden som m\u00f6ter en m\u00e5ngfald av behov och \u00f6nskem\u00e5l och som d\u00e4rf\u00f6r lockar en naturlig blandning av olika m\u00e4nniskor. Alla som uppfyller v\u00e5ra grundkrav har samma r\u00e4tt att s\u00f6ka och f\u00e5 bostad. Grundkrav Du ska ha fyllt 18 \u00e5r&hellip;&nbsp;<a href=\"https:\/\/smfast.se\/sv_se\/uthyrningspolicy\/\" rel=\"bookmark\">L\u00e4s mer &raquo;<span class=\"screen-reader-text\">Uthyrningspolicy<\/span><\/a><\/p>\n","protected":false},"author":1,"featured_media":0,"parent":0,"menu_order":0,"comment_status":"closed","ping_status":"closed","template":"","meta":{"neve_meta_sidebar":"","neve_meta_container":"","neve_meta_enable_content_width":"","neve_meta_content_width":0,"neve_meta_title_alignment":"","neve_meta_author_avatar":"","neve_post_elements_order":"","neve_meta_disable_header":"","neve_meta_disable_footer":"","neve_meta_disable_title":"","_themeisle_gutenberg_block_has_review":false,"footnotes":""},"class_list":["post-602","page","type-page","status-publish","hentry"],"_links":{"self":[{"href":"https:\/\/smfast.se\/sv_se\/wp-json\/wp\/v2\/pages\/602","targetHints":{"allow":["GET"]}}],"collection":[{"href":"https:\/\/smfast.se\/sv_se\/wp-json\/wp\/v2\/pages"}],"about":[{"href":"https:\/\/smfast.se\/sv_se\/wp-json\/wp\/v2\/types\/page"}],"author":[{"embeddable":true,"href":"https:\/\/smfast.se\/sv_se\/wp-json\/wp\/v2\/users\/1"}],"replies":[{"embeddable":true,"href":"https:\/\/smfast.se\/sv_se\/wp-json\/wp\/v2\/comments?post=602"}],"version-history":[{"count":1,"href":"https:\/\/smfast.se\/sv_se\/wp-json\/wp\/v2\/pages\/602\/revisions"}],"predecessor-version":[{"id":603,"href":"https:\/\/smfast.se\/sv_se\/wp-json\/wp\/v2\/pages\/602\/revisions\/603"}],"wp:attachment":[{"href":"https:\/\/smfast.se\/sv_se\/wp-json\/wp\/v2\/media?parent=602"}],"curies":[{"name":"wp","href":"https:\/\/api.w.org\/{rel}","templated":true}]}}